{"id":520,"date":"2019-12-03T12:44:40","date_gmt":"2019-12-03T12:44:40","guid":{"rendered":"https:\/\/intervlees.com\/?page_id=520"},"modified":"2025-08-25T12:20:35","modified_gmt":"2025-08-25T12:20:35","slug":"quality","status":"publish","type":"page","link":"https:\/\/intervlees.com\/de\/qualitat\/","title":{"rendered":"Qualit\u00e4t"},"content":{"rendered":"<div data-elementor-type=\"wp-page\" data-elementor-id=\"520\" class=\"elementor elementor-520\" data-elementor-post-type=\"page\">\n\t\t\t\t\t\t<section class=\"elementor-section elementor-top-section elementor-element elementor-element-6914d46 elementor-section-height-min-height elementor-section-boxed elementor-section-height-default elementor-section-items-middle\" data-id=\"6914d46\" data-element_type=\"section\" data-settings=\"{&quot;background_background&quot;:&quot;classic&quot;,&quot;background_motion_fx_translateY_effect&quot;:&quot;yes&quot;,&quot;background_motion_fx_translateY_speed&quot;:{&quot;unit&quot;:&quot;px&quot;,&quot;size&quot;:6,&quot;sizes&quot;:[]},&quot;background_motion_fx_motion_fx_scrolling&quot;:&quot;yes&quot;,&quot;background_motion_fx_translateY_affectedRange&quot;:{&quot;unit&quot;:&quot;%&quot;,&quot;size&quot;:&quot;&quot;,&quot;sizes&quot;:{&quot;start&quot;:5,&quot;end&quot;:95}},&quot;background_motion_fx_devices&quot;:[&quot;desktop&quot;,&quot;tablet&quot;,&quot;mobile&quot;]}\">\n\t\t\t\t\t\t\t<div class=\"elementor-background-overlay\"><\/div>\n\t\t\t\t\t\t\t<div class=\"elementor-container elementor-column-gap-default\">\n\t\t\t\t\t<div class=\"elementor-column elementor-col-100 elementor-top-column elementor-element elementor-element-162b1f8\" data-id=\"162b1f8\" data-element_type=\"column\">\n\t\t\t<div class=\"elementor-widget-wrap elementor-element-populated\">\n\t\t\t\t\t\t\t<\/div>\n\t\t<\/div>\n\t\t\t\t\t<\/div>\n\t\t<\/section>\n\t\t\t\t<section class=\"elementor-section elementor-top-section elementor-element elementor-element-cd90b27 dark elementor-section-boxed elementor-section-height-default elementor-section-height-default\" data-id=\"cd90b27\" data-element_type=\"section\" data-settings=\"{&quot;background_background&quot;:&quot;classic&quot;}\">\n\t\t\t\t\t\t<div class=\"elementor-container elementor-column-gap-default\">\n\t\t\t\t\t<div class=\"elementor-column elementor-col-100 elementor-top-column elementor-element elementor-element-1287e79\" data-id=\"1287e79\" data-element_type=\"column\">\n\t\t\t<div class=\"elementor-widget-wrap elementor-element-populated\">\n\t\t\t\t\t\t<div class=\"elementor-element elementor-element-0c553ba light elementor-widget elementor-widget-breadcrumbs\" data-id=\"0c553ba\" data-element_type=\"widget\" data-widget_type=\"breadcrumbs.default\">\n\t\t\t\t<div class=\"elementor-widget-container\">\n\t\t\t<p id=\"breadcrumbs\"><span><span><a href=\"https:\/\/intervlees.com\/de\/\">Startseite<\/a><\/span><\/span><\/p>\t\t<\/div>\n\t\t\t\t<\/div>\n\t\t\t\t\t<\/div>\n\t\t<\/div>\n\t\t\t\t\t<\/div>\n\t\t<\/section>\n\t\t\t\t<section class=\"elementor-section elementor-top-section elementor-element elementor-element-97b2f46 elementor-reverse-mobile elementor-section-boxed elementor-section-height-default elementor-section-height-default\" data-id=\"97b2f46\" data-element_type=\"section\" data-settings=\"{&quot;background_background&quot;:&quot;classic&quot;}\">\n\t\t\t\t\t\t<div class=\"elementor-container elementor-column-gap-default\">\n\t\t\t\t\t<div class=\"elementor-column elementor-col-33 elementor-top-column elementor-element elementor-element-0d411bd\" data-id=\"0d411bd\" data-element_type=\"column\">\n\t\t\t<div class=\"elementor-widget-wrap elementor-element-populated\">\n\t\t\t\t\t\t<div class=\"elementor-element elementor-element-37c30b3 elementor-widget elementor-widget-image\" data-id=\"37c30b3\" data-element_type=\"widget\" data-widget_type=\"image.default\">\n\t\t\t\t<div class=\"elementor-widget-container\">\n\t\t\t\t\t\t\t\t\t\t\t\t\t\t<a href=\"https:\/\/intervlees.com\/wp-content\/uploads\/2025\/08\/53096_broker_3_2_certificate_en-2025.pdf\" target=\"_blank\">\n\t\t\t\t\t\t\t<img fetchpriority=\"high\" decoding=\"async\" width=\"722\" height=\"1024\" src=\"https:\/\/intervlees.com\/wp-content\/uploads\/2025\/08\/53096_broker_3_2_certificate_en-2025-722x1024.jpg\" class=\"attachment-large size-large wp-image-2184\" alt=\"\" srcset=\"https:\/\/intervlees.com\/wp-content\/uploads\/2025\/08\/53096_broker_3_2_certificate_en-2025-722x1024.jpg 722w, https:\/\/intervlees.com\/wp-content\/uploads\/2025\/08\/53096_broker_3_2_certificate_en-2025-212x300.jpg 212w, https:\/\/intervlees.com\/wp-content\/uploads\/2025\/08\/53096_broker_3_2_certificate_en-2025-768x1089.jpg 768w, https:\/\/intervlees.com\/wp-content\/uploads\/2025\/08\/53096_broker_3_2_certificate_en-2025-1084x1536.jpg 1084w, https:\/\/intervlees.com\/wp-content\/uploads\/2025\/08\/53096_broker_3_2_certificate_en-2025-1445x2048.jpg 1445w, https:\/\/intervlees.com\/wp-content\/uploads\/2025\/08\/53096_broker_3_2_certificate_en-2025-8x12.jpg 8w, https:\/\/intervlees.com\/wp-content\/uploads\/2025\/08\/53096_broker_3_2_certificate_en-2025-scaled.jpg 1806w\" sizes=\"(max-width: 722px) 100vw, 722px\" \/>\t\t\t\t\t\t\t\t<\/a>\n\t\t\t\t\t\t\t\t\t\t\t\t\t<\/div>\n\t\t\t\t<\/div>\n\t\t\t\t\t<\/div>\n\t\t<\/div>\n\t\t\t\t<div class=\"elementor-column elementor-col-66 elementor-top-column elementor-element elementor-element-1a0093d\" data-id=\"1a0093d\" data-element_type=\"column\">\n\t\t\t<div class=\"elementor-widget-wrap elementor-element-populated\">\n\t\t\t\t\t\t<div class=\"elementor-element elementor-element-cfa0a0a elementor-widget elementor-widget-text-editor\" data-id=\"cfa0a0a\" data-element_type=\"widget\" data-widget_type=\"text-editor.default\">\n\t\t\t\t<div class=\"elementor-widget-container\">\n\t\t\t\t\t\t\t<p>Intervlees versteht das Qualit\u00e4tsmanagement, basierend auf unserem Engagement f\u00fcr die Lebensmittelsicherheit, als unsere Hauptverantwortung.<\/p><p>Wir verf\u00fcgen \u00fcber ein vollkommen implementiertes Qualit\u00e4ts-System auf Basis von internationalen Standards wie HACCP (Hazards and Critical Control Point) und SOP (Standardized Operational Procedures) und IFS Broker.<\/p><p>Mit diesem System k\u00f6nnen wir die Gesundheit und das Wohlergehen der Tiere von unserem Produzenten \u00fcber den Herstellungsprozess der Produkte bis hin zur Logistikkette vom Betrieb bis zum Kunden Kontrollieren. \nWir werden regelm\u00e4\u00dfig auditiert und \u00fcberwachen die gesamte Lieferkette um m\u00f6gliche Risiken zu minimieren und auszuschlie\u00dfen.<\/p><p>Wir erwarten nicht nur von unseren Lieferanten, da\u00df sie unsere hohen Qualit\u00e4tsstandards erf\u00fcllen, sondern auch von unseren Servicepartnern wie z.B. unserem K\u00fchlhaus, Transportunternehmen und Verpackungsfirmen.<\/p><p>Intervlees \u00fcberwacht streng alle Prozesse, um den h\u00f6chsten Sicherheitsstandard, all unserer gelieferten Produkte zu erreichen und richtet sich nach der Europ\u00e4ischen Gesetzgebung, um die Bed\u00fcrfnisse unserer Kunden zu erf\u00fcllen.<\/p>\t\t\t\t\t\t<\/div>\n\t\t\t\t<\/div>\n\t\t\t\t<section class=\"elementor-section elementor-inner-section elementor-element elementor-element-1fd85e2 elementor-section-content-top elementor-section-boxed elementor-section-height-default elementor-section-height-default\" data-id=\"1fd85e2\" data-element_type=\"section\">\n\t\t\t\t\t\t<div class=\"elementor-container elementor-column-gap-default\">\n\t\t\t\t\t<div class=\"elementor-column elementor-col-50 elementor-inner-column elementor-element elementor-element-465ff1a\" data-id=\"465ff1a\" data-element_type=\"column\">\n\t\t\t<div class=\"elementor-widget-wrap elementor-element-populated\">\n\t\t\t\t\t\t<div class=\"elementor-element elementor-element-dd260c6 elementor-widget elementor-widget-text-editor\" data-id=\"dd260c6\" data-element_type=\"widget\" data-widget_type=\"text-editor.default\">\n\t\t\t\t<div class=\"elementor-widget-container\">\n\t\t\t\t\t\t\t<p><a href=\"https:\/\/intervlees.com\/wp-content\/uploads\/2025\/08\/53096_broker_3_2_certificate_en-2025.pdf\">Klicken Sie hier um unser IFS Broker Zertifikat down zu loaden<\/a><\/p>\t\t\t\t\t\t<\/div>\n\t\t\t\t<\/div>\n\t\t\t\t\t<\/div>\n\t\t<\/div>\n\t\t\t\t<div class=\"elementor-column elementor-col-50 elementor-inner-column elementor-element elementor-element-d2b3baa\" data-id=\"d2b3baa\" data-element_type=\"column\">\n\t\t\t<div class=\"elementor-widget-wrap elementor-element-populated\">\n\t\t\t\t\t\t<div class=\"elementor-element elementor-element-33d231b elementor-widget elementor-widget-image\" data-id=\"33d231b\" data-element_type=\"widget\" data-widget_type=\"image.default\">\n\t\t\t\t<div class=\"elementor-widget-container\">\n\t\t\t\t\t\t\t\t\t\t\t\t\t<img decoding=\"async\" width=\"100\" height=\"60\" src=\"https:\/\/intervlees.com\/wp-content\/uploads\/2019\/11\/IFS-logo.png\" class=\"attachment-large size-large wp-image-126\" alt=\"IFS logo\" \/>\t\t\t\t\t\t\t\t\t\t\t\t\t<\/div>\n\t\t\t\t<\/div>\n\t\t\t\t\t<\/div>\n\t\t<\/div>\n\t\t\t\t\t<\/div>\n\t\t<\/section>\n\t\t\t\t\t<\/div>\n\t\t<\/div>\n\t\t\t\t\t<\/div>\n\t\t<\/section>\n\t\t\t\t<section class=\"elementor-section elementor-top-section elementor-element elementor-element-1471f27 elementor-section-height-min-height elementor-section-boxed elementor-section-height-default elementor-section-items-middle\" data-id=\"1471f27\" data-element_type=\"section\" data-settings=\"{&quot;background_background&quot;:&quot;classic&quot;,&quot;background_motion_fx_motion_fx_scrolling&quot;:&quot;yes&quot;,&quot;background_motion_fx_translateY_effect&quot;:&quot;yes&quot;,&quot;background_motion_fx_translateY_speed&quot;:{&quot;unit&quot;:&quot;px&quot;,&quot;size&quot;:6.4,&quot;sizes&quot;:[]},&quot;background_motion_fx_range&quot;:&quot;viewport&quot;,&quot;background_motion_fx_translateY_affectedRange&quot;:{&quot;unit&quot;:&quot;%&quot;,&quot;size&quot;:&quot;&quot;,&quot;sizes&quot;:{&quot;start&quot;:0,&quot;end&quot;:100}},&quot;background_motion_fx_devices&quot;:[&quot;desktop&quot;,&quot;tablet&quot;,&quot;mobile&quot;]}\">\n\t\t\t\t\t\t\t<div class=\"elementor-background-overlay\"><\/div>\n\t\t\t\t\t\t\t<div class=\"elementor-container elementor-column-gap-default\">\n\t\t\t\t\t<div class=\"elementor-column elementor-col-100 elementor-top-column elementor-element elementor-element-4935ce2\" data-id=\"4935ce2\" data-element_type=\"column\">\n\t\t\t<div class=\"elementor-widget-wrap\">\n\t\t\t\t\t\t\t<\/div>\n\t\t<\/div>\n\t\t\t\t\t<\/div>\n\t\t<\/section>\n\t\t\t\t<\/div>","protected":false},"excerpt":{"rendered":"<p>Intervlees\u2019 quality policy guarantees our commitment to Food Safety and Food Defense as our main responsibility. We have a fully implemented Quality System based on international standards such as HACCP (Hazards and Critical Control Point) and SOP (Standardized Operational Procedures) and IFS Broker. With this system in place, we can control the health and welfare [&hellip;]<\/p>","protected":false},"author":1,"featured_media":0,"parent":0,"menu_order":7,"comment_status":"closed","ping_status":"closed","template":"","meta":{"footnotes":""},"yoast_head":"<!-- This site is optimized with the Yoast SEO plugin v22.3 - https:\/\/yoast.com\/wordpress\/plugins\/seo\/ -->\n<title>Quality - Intervlees<\/title>\n<meta name=\"robots\" content=\"index, follow, max-snippet:-1, max-image-preview:large, max-video-preview:-1\" \/>\n<link rel=\"canonical\" href=\"https:\/\/intervlees.com\/de\/qualitat\/\" \/>\n<meta property=\"og:locale\" content=\"de_DE\" \/>\n<meta property=\"og:type\" content=\"article\" \/>\n<meta property=\"og:title\" content=\"Quality - Intervlees\" \/>\n<meta property=\"og:description\" content=\"Intervlees\u2019 quality policy guarantees our commitment to Food Safety and Food Defense as our main responsibility. We have a fully implemented Quality System based on international standards such as HACCP (Hazards and Critical Control Point) and SOP (Standardized Operational Procedures) and IFS Broker. With this system in place, we can control the health and welfare [&hellip;]\" \/>\n<meta property=\"og:url\" content=\"https:\/\/intervlees.com\/de\/qualitat\/\" \/>\n<meta property=\"og:site_name\" content=\"Intervlees\" \/>\n<meta property=\"article:modified_time\" content=\"2025-08-25T12:20:35+00:00\" \/>\n<meta property=\"og:image\" content=\"https:\/\/intervlees.com\/wp-content\/uploads\/2025\/08\/53096_broker_3_2_certificate_en-2025-722x1024.jpg\" \/>\n<meta name=\"twitter:card\" content=\"summary_large_image\" \/>\n<meta name=\"twitter:label1\" content=\"Gesch\u00e4tzte Lesezeit\" \/>\n\t<meta name=\"twitter:data1\" content=\"2\u00a0Minuten\" \/>\n<script type=\"application\/ld+json\" class=\"yoast-schema-graph\">{\"@context\":\"https:\/\/schema.org\",\"@graph\":[{\"@type\":\"WebPage\",\"@id\":\"https:\/\/intervlees.com\/quality\/\",\"url\":\"https:\/\/intervlees.com\/quality\/\",\"name\":\"Quality - Intervlees\",\"isPartOf\":{\"@id\":\"https:\/\/intervlees.com\/#website\"},\"primaryImageOfPage\":{\"@id\":\"https:\/\/intervlees.com\/quality\/#primaryimage\"},\"image\":{\"@id\":\"https:\/\/intervlees.com\/quality\/#primaryimage\"},\"thumbnailUrl\":\"https:\/\/intervlees.com\/wp-content\/uploads\/2025\/08\/53096_broker_3_2_certificate_en-2025-722x1024.jpg\",\"datePublished\":\"2019-12-03T12:44:40+00:00\",\"dateModified\":\"2025-08-25T12:20:35+00:00\",\"breadcrumb\":{\"@id\":\"https:\/\/intervlees.com\/quality\/#breadcrumb\"},\"inLanguage\":\"de\",\"potentialAction\":[{\"@type\":\"ReadAction\",\"target\":[\"https:\/\/intervlees.com\/quality\/\"]}]},{\"@type\":\"ImageObject\",\"inLanguage\":\"de\",\"@id\":\"https:\/\/intervlees.com\/quality\/#primaryimage\",\"url\":\"https:\/\/intervlees.com\/wp-content\/uploads\/2025\/08\/53096_broker_3_2_certificate_en-2025-scaled.jpg\",\"contentUrl\":\"https:\/\/intervlees.com\/wp-content\/uploads\/2025\/08\/53096_broker_3_2_certificate_en-2025-scaled.jpg\",\"width\":1806,\"height\":2560},{\"@type\":\"BreadcrumbList\",\"@id\":\"https:\/\/intervlees.com\/quality\/#breadcrumb\",\"itemListElement\":[{\"@type\":\"ListItem\",\"position\":1,\"name\":\"Home\",\"item\":\"https:\/\/intervlees.com\/\"},{\"@type\":\"ListItem\",\"position\":2,\"name\":\"Quality\"}]},{\"@type\":\"WebSite\",\"@id\":\"https:\/\/intervlees.com\/#website\",\"url\":\"https:\/\/intervlees.com\/\",\"name\":\"Intervlees\",\"description\":\"All the meat you need\",\"publisher\":{\"@id\":\"https:\/\/intervlees.com\/#organization\"},\"potentialAction\":[{\"@type\":\"SearchAction\",\"target\":{\"@type\":\"EntryPoint\",\"urlTemplate\":\"https:\/\/intervlees.com\/?s={search_term_string}\"},\"query-input\":\"required name=search_term_string\"}],\"inLanguage\":\"de\"},{\"@type\":\"Organization\",\"@id\":\"https:\/\/intervlees.com\/#organization\",\"name\":\"Intervlees N.V.\",\"url\":\"https:\/\/intervlees.com\/\",\"logo\":{\"@type\":\"ImageObject\",\"inLanguage\":\"de\",\"@id\":\"https:\/\/intervlees.com\/#\/schema\/logo\/image\/\",\"url\":\"https:\/\/intervlees.com\/wp-content\/uploads\/2020\/01\/Intervlees-logo.png\",\"contentUrl\":\"https:\/\/intervlees.com\/wp-content\/uploads\/2020\/01\/Intervlees-logo.png\",\"width\":800,\"height\":245,\"caption\":\"Intervlees N.V.\"},\"image\":{\"@id\":\"https:\/\/intervlees.com\/#\/schema\/logo\/image\/\"}}]}<\/script>\n<!-- \/ Yoast SEO plugin. -->","yoast_head_json":{"title":"Quality - Intervlees","robots":{"index":"index","follow":"follow","max-snippet":"max-snippet:-1","max-image-preview":"max-image-preview:large","max-video-preview":"max-video-preview:-1"},"canonical":"https:\/\/intervlees.com\/de\/qualitat\/","og_locale":"de_DE","og_type":"article","og_title":"Quality - Intervlees","og_description":"Intervlees\u2019 quality policy guarantees our commitment to Food Safety and Food Defense as our main responsibility. We have a fully implemented Quality System based on international standards such as HACCP (Hazards and Critical Control Point) and SOP (Standardized Operational Procedures) and IFS Broker. With this system in place, we can control the health and welfare [&hellip;]","og_url":"https:\/\/intervlees.com\/de\/qualitat\/","og_site_name":"Intervlees","article_modified_time":"2025-08-25T12:20:35+00:00","og_image":[{"url":"https:\/\/intervlees.com\/wp-content\/uploads\/2025\/08\/53096_broker_3_2_certificate_en-2025-722x1024.jpg"}],"twitter_card":"summary_large_image","twitter_misc":{"Gesch\u00e4tzte Lesezeit":"2\u00a0Minuten"},"schema":{"@context":"https:\/\/schema.org","@graph":[{"@type":"WebPage","@id":"https:\/\/intervlees.com\/quality\/","url":"https:\/\/intervlees.com\/quality\/","name":"Quality - Intervlees","isPartOf":{"@id":"https:\/\/intervlees.com\/#website"},"primaryImageOfPage":{"@id":"https:\/\/intervlees.com\/quality\/#primaryimage"},"image":{"@id":"https:\/\/intervlees.com\/quality\/#primaryimage"},"thumbnailUrl":"https:\/\/intervlees.com\/wp-content\/uploads\/2025\/08\/53096_broker_3_2_certificate_en-2025-722x1024.jpg","datePublished":"2019-12-03T12:44:40+00:00","dateModified":"2025-08-25T12:20:35+00:00","breadcrumb":{"@id":"https:\/\/intervlees.com\/quality\/#breadcrumb"},"inLanguage":"de","potentialAction":[{"@type":"ReadAction","target":["https:\/\/intervlees.com\/quality\/"]}]},{"@type":"ImageObject","inLanguage":"de","@id":"https:\/\/intervlees.com\/quality\/#primaryimage","url":"https:\/\/intervlees.com\/wp-content\/uploads\/2025\/08\/53096_broker_3_2_certificate_en-2025-scaled.jpg","contentUrl":"https:\/\/intervlees.com\/wp-content\/uploads\/2025\/08\/53096_broker_3_2_certificate_en-2025-scaled.jpg","width":1806,"height":2560},{"@type":"BreadcrumbList","@id":"https:\/\/intervlees.com\/quality\/#breadcrumb","itemListElement":[{"@type":"ListItem","position":1,"name":"Home","item":"https:\/\/intervlees.com\/"},{"@type":"ListItem","position":2,"name":"Quality"}]},{"@type":"WebSite","@id":"https:\/\/intervlees.com\/#website","url":"https:\/\/intervlees.com\/","name":"Intervlees","description":"All the meat you need","publisher":{"@id":"https:\/\/intervlees.com\/#organization"},"potentialAction":[{"@type":"SearchAction","target":{"@type":"EntryPoint","urlTemplate":"https:\/\/intervlees.com\/?s={search_term_string}"},"query-input":"required name=search_term_string"}],"inLanguage":"de"},{"@type":"Organization","@id":"https:\/\/intervlees.com\/#organization","name":"Intervlees N.V.","url":"https:\/\/intervlees.com\/","logo":{"@type":"ImageObject","inLanguage":"de","@id":"https:\/\/intervlees.com\/#\/schema\/logo\/image\/","url":"https:\/\/intervlees.com\/wp-content\/uploads\/2020\/01\/Intervlees-logo.png","contentUrl":"https:\/\/intervlees.com\/wp-content\/uploads\/2020\/01\/Intervlees-logo.png","width":800,"height":245,"caption":"Intervlees N.V."},"image":{"@id":"https:\/\/intervlees.com\/#\/schema\/logo\/image\/"}}]}},"_links":{"self":[{"href":"https:\/\/intervlees.com\/de\/wp-json\/wp\/v2\/pages\/520"}],"collection":[{"href":"https:\/\/intervlees.com\/de\/wp-json\/wp\/v2\/pages"}],"about":[{"href":"https:\/\/intervlees.com\/de\/wp-json\/wp\/v2\/types\/page"}],"author":[{"embeddable":true,"href":"https:\/\/intervlees.com\/de\/wp-json\/wp\/v2\/users\/1"}],"replies":[{"embeddable":true,"href":"https:\/\/intervlees.com\/de\/wp-json\/wp\/v2\/comments?post=520"}],"version-history":[{"count":27,"href":"https:\/\/intervlees.com\/de\/wp-json\/wp\/v2\/pages\/520\/revisions"}],"predecessor-version":[{"id":2191,"href":"https:\/\/intervlees.com\/de\/wp-json\/wp\/v2\/pages\/520\/revisions\/2191"}],"wp:attachment":[{"href":"https:\/\/intervlees.com\/de\/wp-json\/wp\/v2\/media?parent=520"}],"curies":[{"name":"wp","href":"https:\/\/api.w.org\/{rel}","templated":true}]}}